{"id":164,"date":"2021-05-25T16:37:09","date_gmt":"2021-05-25T07:37:09","guid":{"rendered":"http:\/\/firefly-eiji.com\/kasuga_dazaifu\/?page_id=164"},"modified":"2021-05-25T16:47:14","modified_gmt":"2021-05-25T07:47:14","slug":"contact","status":"publish","type":"page","link":"http:\/\/firefly-eiji.com\/kasuga_dazaifu\/?page_id=164","title":{"rendered":"\u304a\u554f\u3044\u5408\u308f\u305b"},"content":{"rendered":"\n<p>\u6625\u65e5\u30fb\u592a\u5bb0\u5e9c\u306e\u30b9\u30b9\u30e1\u3078\u306e\u63b2\u8f09\u3084\u53d6\u6750\u8a18\u4e8b\u306b\u95a2\u3059\u308b\u304a\u554f\u3044\u5408\u308f\u305b\u306f\u3053\u3061\u3089\u304b\u3089\u304a\u9858\u3044\u3057\u307e\u3059\u3002<br>\u79c1\u305f\u3061\u306e\u30d6\u30ed\u30b0\u3078\u8a18\u4e8b\u3092\u6295\u7a3f\u3057\u3066\u9802\u3051\u308b\u30e9\u30a4\u30bf\u30fc\u3055\u3093\u3082\u968f\u6642\u52df\u96c6\u3057\u3066\u3044\u307e\u3059\u3002<\/p>\n\n\n\n<div class=\"wp-block-contact-form-7-contact-form-selector\"><div role=\"form\" class=\"wpcf7\" id=\"wpcf7-f163-o1\" lang=\"ja\" dir=\"ltr\">\n<div class=\"screen-reader-response\"><p role=\"status\" aria-live=\"polite\" aria-atomic=\"true\"><\/p> <ul><\/ul><\/div>\n<form action=\"\/kasuga_dazaifu\/index.php?rest_route=%2Fwp%2Fv2%2Fpages%2F164#wpcf7-f163-o1\" method=\"post\" class=\"wpcf7-form init\" novalidate=\"novalidate\" data-status=\"init\">\n<div style=\"display: none;\">\n<input type=\"hidden\" name=\"_wpcf7\" value=\"163\" \/>\n<input type=\"hidden\" name=\"_wpcf7_version\" value=\"5.4.1\" \/>\n<input type=\"hidden\" name=\"_wpcf7_locale\" value=\"ja\" \/>\n<input type=\"hidden\" name=\"_wpcf7_unit_tag\" value=\"wpcf7-f163-o1\" \/>\n<input type=\"hidden\" name=\"_wpcf7_container_post\" value=\"0\" \/>\n<input type=\"hidden\" name=\"_wpcf7_posted_data_hash\" value=\"\" \/>\n<\/div>\n<table class=\"table table-bordered table-striped table-contactform7\">\n<tr>\n<th><span class=\"required-contactform7\">*<\/span><span class=\"title-contactform7\">\u304a\u540d\u524d<\/span><\/th>\n<td><span class=\"wpcf7-form-control-wrap your-name\"><input type=\"text\" name=\"your-name\" value=\"\" size=\"40\" class=\"wpcf7-form-control wpcf7-text wpcf7-validates-as-required\" aria-required=\"true\" aria-invalid=\"false\" placeholder=\"\u4f8b\uff1a\u5c71\u7530\u3000\u592a\u90ce\" \/><\/span> <\/td>\n<\/tr>\n<tr>\n<th><span class=\"required-contactform7\">*<\/span><span class=\"title-contactform7\">\u30e1\u30fc\u30eb\u30a2\u30c9\u30ec\u30b9<\/span><\/th>\n<td><span class=\"wpcf7-form-control-wrap your-email\"><input type=\"email\" name=\"your-email\" value=\"\" size=\"40\" class=\"wpcf7-form-control wpcf7-text wpcf7-email wpcf7-validates-as-required wpcf7-validates-as-email\" aria-required=\"true\" aria-invalid=\"false\" placeholder=\"\u4f8b\uff1a\u00d7\u00d7\u00d7@\u00d7\u00d7\u00d7.com\" \/><\/span><\/td>\n<\/tr>\n<tr>\n<th><span class=\"title-contactform7\">\u96fb\u8a71\u756a\u53f7<\/span><\/th>\n<td><span class=\"wpcf7-form-control-wrap text-17\"><input type=\"text\" name=\"text-17\" value=\"\" size=\"40\" class=\"wpcf7-form-control wpcf7-text\" aria-invalid=\"false\" placeholder=\"\u4f8b\uff1a090-77-7777\" \/><\/span><\/td>\n<\/tr>\n<tr>\n<th><span class=\"required-contactform7\">*<\/span><span class=\"title-contactform7\">\u3054\u76f8\u8ac7\u5185\u5bb9<\/span><\/th>\n<td><span class=\"wpcf7-form-control-wrap radio-256\"><span class=\"wpcf7-form-control wpcf7-radio\"><span class=\"wpcf7-list-item first\"><label><input type=\"radio\" name=\"radio-256\" value=\"\u8a18\u4e8b\u63b2\u8f09\u306e\u4f9d\u983c\" \/><span class=\"wpcf7-list-item-label\">\u8a18\u4e8b\u63b2\u8f09\u306e\u4f9d\u983c<\/span><\/label><\/span><span class=\"wpcf7-list-item\"><label><input type=\"radio\" name=\"radio-256\" value=\"\u53d6\u6750\u8a18\u4e8b\u306b\u3064\u3044\u3066\" \/><span class=\"wpcf7-list-item-label\">\u53d6\u6750\u8a18\u4e8b\u306b\u3064\u3044\u3066<\/span><\/label><\/span><span class=\"wpcf7-list-item\"><label><input type=\"radio\" name=\"radio-256\" value=\"\u30e9\u30a4\u30bf\u30fc\u3078\u306e\u3054\u5fdc\u52df\" \/><span class=\"wpcf7-list-item-label\">\u30e9\u30a4\u30bf\u30fc\u3078\u306e\u3054\u5fdc\u52df<\/span><\/label><\/span><span class=\"wpcf7-list-item last\"><label><input type=\"radio\" name=\"radio-256\" value=\"\u305d\u306e\u4ed6\u306e\u3054\u76f8\u8ac7\" \/><span class=\"wpcf7-list-item-label\">\u305d\u306e\u4ed6\u306e\u3054\u76f8\u8ac7<\/span><\/label><\/span><\/span><\/span><\/td>\n<\/tr>\n<tr>\n<th><span class=\"required-contactform7\">*<\/span><span class=\"title-contactform7\">\u30e1\u30c3\u30bb\u30fc\u30b8\u672c\u6587<\/span><\/th>\n<td class=\"message-100\"><span class=\"wpcf7-form-control-wrap your-message\"><textarea name=\"your-message\" cols=\"40\" rows=\"10\" class=\"wpcf7-form-control wpcf7-textarea wpcf7-validates-as-required\" aria-required=\"true\" aria-invalid=\"false\" placeholder=\"\u8a18\u4e8b\u63b2\u8f09\u306e\u4f9d\u983c\u3001\u30e9\u30a4\u30bf\u30fc\u3054\u5fdc\u52df\u306e\u52d5\u6a5f\u3001\u904b\u55b6\u5143\u306b\u3064\u3044\u3066\u3002\"><\/textarea><\/span><\/td>\n<\/tr>\n<\/table>\n<p class=\"text-xs-center\"><input type=\"submit\" value=\"\u9001\u4fe1\u3059\u308b\" class=\"wpcf7-form-control wpcf7-submit btn btn-success btn-lg\" \/><\/p>\n<div class=\"wpcf7-response-output\" aria-hidden=\"true\"><\/div><\/form><\/div><\/div>\n\n\n\n<p><\/p>\n","protected":false},"excerpt":{"rendered":"<p>\u6625\u65e5\u30fb\u592a\u5bb0\u5e9c\u306e\u30b9\u30b9\u30e1\u3078\u306e\u63b2\u8f09\u3084\u53d6\u6750\u8a18\u4e8b\u306b\u95a2\u3059\u308b\u304a\u554f\u3044\u5408\u308f\u305b\u306f\u3053\u3061\u3089\u304b\u3089\u304a\u9858\u3044\u3057\u307e\u3059\u3002\u79c1\u305f\u3061\u306e\u30d6\u30ed\u30b0\u3078\u8a18\u4e8b\u3092\u6295\u7a3f\u3057\u3066\u9802\u3051\u308b\u30e9\u30a4\u30bf\u30fc\u3055\u3093\u3082\u968f\u6642\u52df\u96c6\u3057\u3066\u3044\u307e\u3059\u3002<\/p>\n","protected":false},"author":1,"featured_media":0,"parent":0,"menu_order":0,"comment_status":"closed","ping_status":"closed","template":"","meta":{"footnotes":""},"class_list":["post-164","page","type-page","status-publish","hentry"],"_links":{"self":[{"href":"http:\/\/firefly-eiji.com\/kasuga_dazaifu\/index.php?rest_route=\/wp\/v2\/pages\/164","targetHints":{"allow":["GET"]}}],"collection":[{"href":"http:\/\/firefly-eiji.com\/kasuga_dazaifu\/index.php?rest_route=\/wp\/v2\/pages"}],"about":[{"href":"http:\/\/firefly-eiji.com\/kasuga_dazaifu\/index.php?rest_route=\/wp\/v2\/types\/page"}],"author":[{"embeddable":true,"href":"http:\/\/firefly-eiji.com\/kasuga_dazaifu\/index.php?rest_route=\/wp\/v2\/users\/1"}],"replies":[{"embeddable":true,"href":"http:\/\/firefly-eiji.com\/kasuga_dazaifu\/index.php?rest_route=%2Fwp%2Fv2%2Fcomments&post=164"}],"version-history":[{"count":4,"href":"http:\/\/firefly-eiji.com\/kasuga_dazaifu\/index.php?rest_route=\/wp\/v2\/pages\/164\/revisions"}],"predecessor-version":[{"id":190,"href":"http:\/\/firefly-eiji.com\/kasuga_dazaifu\/index.php?rest_route=\/wp\/v2\/pages\/164\/revisions\/190"}],"wp:attachment":[{"href":"http:\/\/firefly-eiji.com\/kasuga_dazaifu\/index.php?rest_route=%2Fwp%2Fv2%2Fmedia&parent=164"}],"curies":[{"name":"wp","href":"https:\/\/api.w.org\/{rel}","templated":true}]}}